{"id":50,"date":"2025-09-17T13:47:42","date_gmt":"2025-09-17T13:47:42","guid":{"rendered":"https:\/\/loya.re\/?page_id=50"},"modified":"2025-09-17T13:47:42","modified_gmt":"2025-09-17T13:47:42","slug":"workshop","status":"publish","type":"page","link":"https:\/\/loya.re\/?page_id=50","title":{"rendered":"workshop"},"content":{"rendered":"<p>[et_pb_section fb_built=\u00a0\u00bb1&Prime; theme_builder_area=\u00a0\u00bbpost_content\u00a0\u00bb _builder_version=\u00a0\u00bb4.27.4&Prime; _module_preset=\u00a0\u00bbdefault\u00a0\u00bb][et_pb_row _builder_version=\u00a0\u00bb4.27.4&Prime; _module_preset=\u00a0\u00bbdefault\u00a0\u00bb theme_builder_area=\u00a0\u00bbpost_content\u00a0\u00bb][et_pb_column _builder_version=\u00a0\u00bb4.27.4&Prime; _module_preset=\u00a0\u00bbdefault\u00a0\u00bb type=\u00a0\u00bb4_4&Prime; theme_builder_area=\u00a0\u00bbpost_content\u00a0\u00bb][et_pb_image src=\u00a0\u00bbhttps:\/\/loya.re\/wp-content\/uploads\/2025\/09\/LOYA-Autral-Modularity-\u00a9-Lezard-Zebre-scaled.jpg\u00a0\u00bb _builder_version=\u00a0\u00bb4.27.4&Prime; _module_preset=\u00a0\u00bbdefault\u00a0\u00bb theme_builder_area=\u00a0\u00bbpost_content\u00a0\u00bb title_text=\u00a0\u00bbLOYA Autral Modularity \u00a9 Lezard Zebre\u00a0\u00bb hover_enabled=\u00a0\u00bb0&Prime; sticky_enabled=\u00a0\u00bb0&Prime;][\/et_pb_image][\/et_pb_column][\/et_pb_row][et_pb_row _builder_version=\u00a0\u00bb4.27.4&Prime; _module_preset=\u00a0\u00bbdefault\u00a0\u00bb theme_builder_area=\u00a0\u00bbpost_content\u00a0\u00bb][et_pb_column _builder_version=\u00a0\u00bb4.27.4&Prime; _module_preset=\u00a0\u00bbdefault\u00a0\u00bb type=\u00a0\u00bb4_4&Prime; theme_builder_area=\u00a0\u00bbpost_content\u00a0\u00bb][et_pb_text _builder_version=\u00a0\u00bb4.27.4&Prime; _module_preset=\u00a0\u00bbdefault\u00a0\u00bb theme_builder_area=\u00a0\u00bbpost_content\u00a0\u00bb hover_enabled=\u00a0\u00bb0&Prime; sticky_enabled=\u00a0\u00bb0&Prime;]<\/p>\n<h2><b>Workshop : Voyage sonore \u2013 de la tradition \u00e0 l\u2019\u00e9lectronique<\/b><\/h2>\n<p class=\"p2\">\n<p class=\"p3\"><span class=\"s2\"><b>Dur\u00e9e :<\/b><\/span> 3h (adaptable en fonction de la dur\u00e9e souhait\u00e9e)<\/p>\n<p class=\"p3\"><span class=\"s2\"><b>Public :<\/b><\/span> adolescents, adultes, producteurs de musiques \u00e9lectroniques, \u00e9tudiants en musique, amateurs curieux<\/p>\n<p class=\"p4\"><b>Nombre de participants :<\/b><span class=\"s3\"> 10 \u00e0 20 personnes<\/span><\/p>\n<p class=\"p2\">\n<h3><b>Objectif p\u00e9dagogique<\/b><\/h3>\n<p class=\"p2\">\n<p class=\"p3\">Explorer la rencontre entre musiques traditionnelles et cr\u00e9ation \u00e9lectronique. Comprendre comment un mat\u00e9riau sonore (chant, percussion, bruit du quotidien) peut \u00eatre transform\u00e9 et r\u00e9invent\u00e9 gr\u00e2ce aux outils de la musique assist\u00e9e par ordinateur (MAO).<\/p>\n<hr \/>\n<h3><b>D\u00e9roul\u00e9 d\u00e9taill\u00e9<\/b><\/h3>\n<p class=\"p2\">\n<p class=\"p4\"><b>1. Introduction et \u00e9coute<\/b><span class=\"s3\"> (20 min)<\/span><\/p>\n<ul>\n<li>\n<p class=\"p1\">Pr\u00e9sentation de quelques enregistrements issus de mes voyages dans l\u2019Oc\u00e9an Indien (chants malgaches, percussions rituelles, musiques de transe).<\/p>\n<\/li>\n<li>\n<p class=\"p1\">Discussion ouverte : que ressent-on \u00e0 l\u2019\u00e9coute de ces musiques ? Quelles images, quelles \u00e9motions \u00e9voquent-elles ?<\/p>\n<\/li>\n<li>\n<p class=\"p1\">Mise en avant des notions de rythme, r\u00e9p\u00e9tition, oralit\u00e9 et fonction sociale de la musique.<\/p>\n<\/li>\n<\/ul>\n<p class=\"p2\">\n<p class=\"p4\"><b>2. D\u00e9monstration \u2013 Transformation \u00e9lectronique<\/b><span class=\"s3\"> (40 min)<\/span><\/p>\n<ul>\n<li>\n<p class=\"p1\">Exemple pratique : prise d\u2019un extrait vocal ou percussif, import\u00e9 dans un logiciel de MAO (Ableton Live, Reaper, Logic, etc.).<\/p>\n<\/li>\n<li>\n<p class=\"p1\">Transformation en temps r\u00e9el :<\/p>\n<ul>\n<li>\n<p class=\"p1\"><span class=\"s1\"><b>filtrage et EQ<\/b><\/span> \u2192 modification du timbre<\/p>\n<\/li>\n<li>\n<p class=\"p1\"><span class=\"s1\"><b>sampling et bouclage<\/b><\/span> \u2192 r\u00e9p\u00e9tition hypnotique<\/p>\n<\/li>\n<li>\n<p class=\"p1\"><b>d\u00e9coupage et effets<\/b><span class=\"s1\"> \u2192 impr\u00e9visibilit\u00e9<\/span><\/p>\n<\/li>\n<li>\n<p class=\"p1\"><span class=\"s1\"><b>r\u00e9verb\u00e9ration, delays, spatialisation<\/b><\/span> \u2192 cr\u00e9ation d\u2019un espace sonore immersif<\/p>\n<\/li>\n<\/ul>\n<\/li>\n<li>\n<p class=\"p1\">Les participants voient comment un son traditionnel peut devenir une mati\u00e8re \u00e9lectronique, sans perdre son \u00e9nergie d\u2019origine.<\/p>\n<\/li>\n<\/ul>\n<p class=\"p2\">\n<p class=\"p4\"><b>3. Atelier pratique en groupes<\/b><span class=\"s3\"> (1h15)<\/span><\/p>\n<ul>\n<li>\n<p class=\"p1\">Les participants choisissent collectivement un mat\u00e9riau sonore de d\u00e9part (chant enregistr\u00e9, percussion, son d\u2019objet quotidien).<\/p>\n<\/li>\n<li>\n<p class=\"p1\">R\u00e9partis en petits groupes (3-4 personnes), ils imaginent ce qu\u2019ils voudraient en faire :<\/p>\n<ul>\n<li>\n<p class=\"p1\">accentuer le rythme<\/p>\n<\/li>\n<li>\n<p class=\"p1\">le rendre plus myst\u00e9rieux<\/p>\n<\/li>\n<li>\n<p class=\"p1\">cr\u00e9er une ambiance de transe<\/p>\n<\/li>\n<li>\n<p class=\"p1\">transformer le timbre jusqu\u2019\u00e0 l\u2019abstraction<\/p>\n<\/li>\n<\/ul>\n<\/li>\n<li>\n<p class=\"p1\">Je r\u00e9alise les transformations en direct sur ordinateur, en suivant leurs propositions.<\/p>\n<\/li>\n<li>\n<p class=\"p1\">Chaque groupe apporte sa touche au morceau en cours, qui \u00e9volue au fur et \u00e0 mesure.<\/p>\n<\/li>\n<\/ul>\n<p class=\"p2\">\n<p class=\"p4\"><b>4. Mini-concert final et discussion<\/b><span class=\"s3\"> (30 min)<\/span><\/p>\n<ul>\n<li>\n<p class=\"p1\">Pr\u00e9sentation collective de la pi\u00e8ce cr\u00e9\u00e9e devant les participants (et \u00e9ventuellement un petit public ext\u00e9rieur si possible).<\/p>\n<\/li>\n<li>\n<p class=\"p1\">Retour d\u2019exp\u00e9rience : qu\u2019est-ce que la transformation \u00e9lectronique change dans la perception de ces musiques ? Comment tradition et technologie dialoguent-elles ?<\/p>\n<\/li>\n<\/ul>\n<hr \/>\n<h3><b>Comp\u00e9tences d\u00e9velopp\u00e9es<\/b><\/h3>\n<ul>\n<li>\n<p class=\"p1\">\u00c9coute active et comparative (musique traditionnelle vs musique \u00e9lectronique).<\/p>\n<\/li>\n<li>\n<p class=\"p1\">Compr\u00e9hension des bases de la MAO.<\/p>\n<\/li>\n<li>\n<p class=\"p1\">Cr\u00e9ativit\u00e9 collective et exp\u00e9rimentation sonore.<\/p>\n<\/li>\n<li>\n<p class=\"p1\">R\u00e9flexion sur la transmission et la r\u00e9invention des patrimoines musicaux.<\/p>\n<\/li>\n<\/ul>\n<p>[\/et_pb_text][\/et_pb_column][\/et_pb_row][\/et_pb_section]<\/p>\n","protected":false},"excerpt":{"rendered":"<p>Workshop : Voyage sonore \u2013 de la tradition \u00e0 l\u2019\u00e9lectronique Dur\u00e9e : 3h (adaptable en fonction de la dur\u00e9e souhait\u00e9e) Public : adolescents, adultes, producteurs de musiques \u00e9lectroniques, \u00e9tudiants en musique, amateurs curieux Nombre de participants : 10 \u00e0 20 personnes Objectif p\u00e9dagogique Explorer la rencontre entre musiques traditionnelles et cr\u00e9ation \u00e9lectronique. Comprendre comment un [&hellip;]<\/p>\n","protected":false},"author":1,"featured_media":0,"parent":0,"menu_order":0,"comment_status":"closed","ping_status":"closed","template":"","meta":{"_et_pb_use_builder":"on","_et_pb_old_content":"","_et_gb_content_width":"","footnotes":""},"class_list":["post-50","page","type-page","status-publish","hentry"],"_links":{"self":[{"href":"https:\/\/loya.re\/index.php?rest_route=\/wp\/v2\/pages\/50","targetHints":{"allow":["GET"]}}],"collection":[{"href":"https:\/\/loya.re\/index.php?rest_route=\/wp\/v2\/pages"}],"about":[{"href":"https:\/\/loya.re\/index.php?rest_route=\/wp\/v2\/types\/page"}],"author":[{"embeddable":true,"href":"https:\/\/loya.re\/index.php?rest_route=\/wp\/v2\/users\/1"}],"replies":[{"embeddable":true,"href":"https:\/\/loya.re\/index.php?rest_route=%2Fwp%2Fv2%2Fcomments&post=50"}],"version-history":[{"count":2,"href":"https:\/\/loya.re\/index.php?rest_route=\/wp\/v2\/pages\/50\/revisions"}],"predecessor-version":[{"id":54,"href":"https:\/\/loya.re\/index.php?rest_route=\/wp\/v2\/pages\/50\/revisions\/54"}],"wp:attachment":[{"href":"https:\/\/loya.re\/index.php?rest_route=%2Fwp%2Fv2%2Fmedia&parent=50"}],"curies":[{"name":"wp","href":"https:\/\/api.w.org\/{rel}","templated":true}]}}