{"id":25,"date":"2025-05-14T12:20:21","date_gmt":"2025-05-14T12:20:21","guid":{"rendered":"https:\/\/loya.re\/?page_id=25"},"modified":"2025-05-14T12:55:36","modified_gmt":"2025-05-14T12:55:36","slug":"music","status":"publish","type":"page","link":"https:\/\/loya.re\/?page_id=25","title":{"rendered":"Music"},"content":{"rendered":"<p>[et_pb_section fb_built=\u00a0\u00bb1&Prime; _builder_version=\u00a0\u00bb4.27.4&Prime; _module_preset=\u00a0\u00bbdefault\u00a0\u00bb global_colors_info=\u00a0\u00bb{}\u00a0\u00bb][et_pb_row column_structure=\u00a0\u00bb1_2,1_2&Prime; _builder_version=\u00a0\u00bb4.27.4&Prime; _module_preset=\u00a0\u00bbdefault\u00a0\u00bb global_colors_info=\u00a0\u00bb{}\u00a0\u00bb][et_pb_column type=\u00a0\u00bb1_2&Prime; _builder_version=\u00a0\u00bb4.27.4&Prime; _module_preset=\u00a0\u00bbdefault\u00a0\u00bb global_colors_info=\u00a0\u00bb{}\u00a0\u00bb][et_pb_text _builder_version=\u00a0\u00bb4.27.4&Prime; _module_preset=\u00a0\u00bbdefault\u00a0\u00bb hover_enabled=\u00a0\u00bb0&Prime; global_colors_info=\u00a0\u00bb{}\u00a0\u00bb sticky_enabled=\u00a0\u00bb0&Prime;]<\/p>\n<p style=\"text-align: center;\">Last Ep <strong>Australe <\/strong>(2025)<\/p>\n<p style=\"text-align: justify;\">I\u2019m proud to share my new 3-track EP, released today on Tamil New Year. This project is a tribute to my great-great-grandmother, who came from Pondicherry to R\u00e9union generations ago. A personal journey blending memory and creation, where synthesizers meet the rhythms of maloya to celebrate my Indian and R\u00e9unionese heritage.<strong><br \/><\/strong><\/p>\n<p>[\/et_pb_text][\/et_pb_column][et_pb_column type=\u00a0\u00bb1_2&Prime; _builder_version=\u00a0\u00bb4.27.4&Prime; _module_preset=\u00a0\u00bbdefault\u00a0\u00bb global_colors_info=\u00a0\u00bb{}\u00a0\u00bb][et_pb_code _builder_version=\u00a0\u00bb4.27.4&Prime; _module_preset=\u00a0\u00bbdefault\u00a0\u00bb global_colors_info=\u00a0\u00bb{}\u00a0\u00bb]<iframe style=\"border: 0; width: 350px; height: 350px;\" src=\"https:\/\/bandcamp.com\/EmbeddedPlayer\/album=1025351573\/size=large\/bgcol=ffffff\/linkcol=0687f5\/minimal=true\/transparent=true\/\" seamless><a href=\"https:\/\/loyaproject.bandcamp.com\/album\/australe\">Australe de Loya<\/a><\/iframe>[\/et_pb_code][\/et_pb_column][\/et_pb_row][et_pb_row column_structure=\u00a0\u00bb1_2,1_2&Prime; _builder_version=\u00a0\u00bb4.27.4&Prime; _module_preset=\u00a0\u00bbdefault\u00a0\u00bb global_colors_info=\u00a0\u00bb{}\u00a0\u00bb][et_pb_column type=\u00a0\u00bb1_2&Prime; _builder_version=\u00a0\u00bb4.27.4&Prime; _module_preset=\u00a0\u00bbdefault\u00a0\u00bb global_colors_info=\u00a0\u00bb{}\u00a0\u00bb][et_pb_text _builder_version=\u00a0\u00bb4.27.4&Prime; _module_preset=\u00a0\u00bbdefault\u00a0\u00bb global_colors_info=\u00a0\u00bb{}\u00a0\u00bb]<\/p>\n<p style=\"text-align: center;\"><strong>Blakaz Antandroy<\/strong> with Remanindry&rsquo;s familly (2024)<\/p>\n<p style=\"text-align: justify;\"><span>Blakaz Antandroy est un album innovant cr\u00e9\u00e9 par Loya en collaboration avec la famille Remanindry, compos\u00e9e du p\u00e8re Remanindry et de ses enfants, Samba, Nindry, Isabelle, et Adeline. Issus du peuple Antandroy, une communaut\u00e9 chamanique du sud de Madagascar, ces artistes utilisent leurs chants et instruments traditionnels pour invoquer les esprits \u00ab Kukulamp \u00bb et ainsi soigner les villageois, \u00e9loign\u00e9s de toute m\u00e9decine moderne.<\/span><\/p>\n<p>[\/et_pb_text][\/et_pb_column][et_pb_column type=\u00a0\u00bb1_2&Prime; _builder_version=\u00a0\u00bb4.27.4&Prime; _module_preset=\u00a0\u00bbdefault\u00a0\u00bb global_colors_info=\u00a0\u00bb{}\u00a0\u00bb][et_pb_code _builder_version=\u00a0\u00bb4.27.4&Prime; _module_preset=\u00a0\u00bbdefault\u00a0\u00bb global_colors_info=\u00a0\u00bb{}\u00a0\u00bb]<iframe style=\"border: 0; width: 350px; height: 350px;\" src=\"https:\/\/bandcamp.com\/EmbeddedPlayer\/album=1013354604\/size=large\/bgcol=ffffff\/linkcol=0687f5\/minimal=true\/transparent=true\/\" seamless><a href=\"https:\/\/loyaproject.bandcamp.com\/album\/blakaz-antandroy\">Blakaz Antandroy de Remanindry family<\/a><\/iframe>[\/et_pb_code][\/et_pb_column][\/et_pb_row][et_pb_row column_structure=\u00a0\u00bb1_2,1_2&Prime; _builder_version=\u00a0\u00bb4.27.4&Prime; _module_preset=\u00a0\u00bbdefault\u00a0\u00bb global_colors_info=\u00a0\u00bb{}\u00a0\u00bb][et_pb_column type=\u00a0\u00bb1_2&Prime; _builder_version=\u00a0\u00bb4.27.4&Prime; _module_preset=\u00a0\u00bbdefault\u00a0\u00bb global_colors_info=\u00a0\u00bb{}\u00a0\u00bb][et_pb_text _builder_version=\u00a0\u00bb4.27.4&Prime; _module_preset=\u00a0\u00bbdefault\u00a0\u00bb global_colors_info=\u00a0\u00bb{}\u00a0\u00bb]<\/p>\n<p style=\"text-align: center;\"><b>Flower<\/b> (2023)<\/p>\n<div class=\"tralbumData tralbum-about\"><strong>Flower<\/strong> is the last album in the series FLOWERS of nine albums recorded in nature, during re.de.confinements.<br \/>Living in the moment, being connected to what surrounds us is the concept of these albums.<br \/>Being in the flow, starting the recording and improvising are the steps of creation of each of these musics.<br \/>Loya has been sharing his music every day in livestream,<br \/>Flowers is a selection of these generous and unique moments.<\/div>\n<h3 class=\"credits-label\"><\/h3>\n<p>[\/et_pb_text][\/et_pb_column][et_pb_column type=\u00a0\u00bb1_2&Prime; _builder_version=\u00a0\u00bb4.27.4&Prime; _module_preset=\u00a0\u00bbdefault\u00a0\u00bb global_colors_info=\u00a0\u00bb{}\u00a0\u00bb][et_pb_code _builder_version=\u00a0\u00bb4.27.4&Prime; _module_preset=\u00a0\u00bbdefault\u00a0\u00bb hover_enabled=\u00a0\u00bb0&Prime; global_colors_info=\u00a0\u00bb{}\u00a0\u00bb sticky_enabled=\u00a0\u00bb0&Prime;]<iframe style=\"border: 0; width: 350px; height: 350px;\" src=\"https:\/\/bandcamp.com\/EmbeddedPlayer\/album=2384333288\/size=large\/bgcol=ffffff\/linkcol=0687f5\/minimal=true\/transparent=true\/\" seamless><a href=\"https:\/\/loyaproject.bandcamp.com\/album\/flower\">Flower de Loya<\/a><\/iframe>[\/et_pb_code][\/et_pb_column][\/et_pb_row][et_pb_row column_structure=\u00a0\u00bb1_2,1_2&Prime; _builder_version=\u00a0\u00bb4.27.4&Prime; _module_preset=\u00a0\u00bbdefault\u00a0\u00bb global_colors_info=\u00a0\u00bb{}\u00a0\u00bb][et_pb_column type=\u00a0\u00bb1_2&Prime; _builder_version=\u00a0\u00bb4.27.4&Prime; _module_preset=\u00a0\u00bbdefault\u00a0\u00bb global_colors_info=\u00a0\u00bb{}\u00a0\u00bb][et_pb_text _builder_version=\u00a0\u00bb4.27.4&Prime; _module_preset=\u00a0\u00bbdefault\u00a0\u00bb global_colors_info=\u00a0\u00bb{}\u00a0\u00bb]<\/p>\n<p style=\"text-align: center;\"><b>Flowers<\/b> (2022)<\/p>\n<div class=\"tralbumData tralbum-about\">\n<div class=\"tralbumData tralbum-about\"><strong>Flowers<\/strong> is a series of nine albums recorded in nature, during re.de.confinements.<br \/>Living in the moment, being connected to what surrounds us is the concept of these albums.<br \/>Being in the flow, starting the recording and improvising are the steps of creation of each of these musics.<br \/>Loya has been sharing his music every day in livestream,<br \/>Flowers is a selection of these generous and unique moments.<\/p>\n<p>This first part of Flowers was recorded in one go on a Sunday morning. Loya improvised on his machines (Octatrack, microfreak, Continumini) in a calm atmosphere and connected to the Universe.<\/p><\/div>\n<\/div>\n<h3 class=\"credits-label\"><\/h3>\n<p>[\/et_pb_text][\/et_pb_column][et_pb_column type=\u00a0\u00bb1_2&Prime; _builder_version=\u00a0\u00bb4.27.4&Prime; _module_preset=\u00a0\u00bbdefault\u00a0\u00bb global_colors_info=\u00a0\u00bb{}\u00a0\u00bb][et_pb_code _builder_version=\u00a0\u00bb4.27.4&Prime; _module_preset=\u00a0\u00bbdefault\u00a0\u00bb hover_enabled=\u00a0\u00bb0&Prime; global_colors_info=\u00a0\u00bb{}\u00a0\u00bb sticky_enabled=\u00a0\u00bb0&Prime;]<iframe style=\"border: 0; width: 350px; height: 350px;\" src=\"https:\/\/bandcamp.com\/EmbeddedPlayer\/album=330743788\/size=large\/bgcol=ffffff\/linkcol=0687f5\/minimal=true\/transparent=true\/\" seamless><a href=\"https:\/\/loyaproject.bandcamp.com\/album\/flowers-i\">Flowers I de LOYA<\/a><\/iframe>[\/et_pb_code][\/et_pb_column][\/et_pb_row][et_pb_row column_structure=\u00a0\u00bb1_2,1_2&Prime; _builder_version=\u00a0\u00bb4.27.4&Prime; _module_preset=\u00a0\u00bbdefault\u00a0\u00bb global_colors_info=\u00a0\u00bb{}\u00a0\u00bb][et_pb_column type=\u00a0\u00bb1_2&Prime; _builder_version=\u00a0\u00bb4.27.4&Prime; _module_preset=\u00a0\u00bbdefault\u00a0\u00bb global_colors_info=\u00a0\u00bb{}\u00a0\u00bb][et_pb_text _builder_version=\u00a0\u00bb4.27.4&Prime; _module_preset=\u00a0\u00bbdefault\u00a0\u00bb global_colors_info=\u00a0\u00bb{}\u00a0\u00bb]<\/p>\n<p style=\"text-align: center;\"><span><strong>Kaprikorn<\/strong><\/span> (2019)<\/p>\n<div class=\"tralbumData tralbum-about\"><span><strong>Kaprikorn<\/strong> is a tribute to my slave ancestors. The tracks are dark and tortured with moments which escape the spirit with the trance rhythms.<\/span><\/div>\n<h3 class=\"credits-label\"><\/h3>\n<p>[\/et_pb_text][\/et_pb_column][et_pb_column type=\u00a0\u00bb1_2&Prime; _builder_version=\u00a0\u00bb4.27.4&Prime; _module_preset=\u00a0\u00bbdefault\u00a0\u00bb global_colors_info=\u00a0\u00bb{}\u00a0\u00bb][et_pb_code _builder_version=\u00a0\u00bb4.27.4&Prime; _module_preset=\u00a0\u00bbdefault\u00a0\u00bb hover_enabled=\u00a0\u00bb0&Prime; global_colors_info=\u00a0\u00bb{}\u00a0\u00bb sticky_enabled=\u00a0\u00bb0&Prime;]<iframe style=\"border: 0; width: 350px; height: 350px;\" src=\"https:\/\/bandcamp.com\/EmbeddedPlayer\/album=3845563818\/size=large\/bgcol=ffffff\/linkcol=0687f5\/minimal=true\/transparent=true\/\" seamless><a href=\"https:\/\/loyaproject.bandcamp.com\/album\/kaprikorn\">kaprikorn de LOYA<\/a><\/iframe>[\/et_pb_code][\/et_pb_column][\/et_pb_row][\/et_pb_section]<\/p>\n","protected":false},"excerpt":{"rendered":"<p>Last Ep Australe (2025) I\u2019m proud to share my new 3-track EP, released today on Tamil New Year. This project is a tribute to my great-great-grandmother, who came from Pondicherry to R\u00e9union generations ago. A personal journey blending memory and creation, where synthesizers meet the rhythms of maloya to celebrate my Indian and R\u00e9unionese heritage.Blakaz [&hellip;]<\/p>\n","protected":false},"author":1,"featured_media":0,"parent":0,"menu_order":0,"comment_status":"closed","ping_status":"closed","template":"","meta":{"_et_pb_use_builder":"on","_et_pb_old_content":"","_et_gb_content_width":"","footnotes":""},"class_list":["post-25","page","type-page","status-publish","hentry"],"_links":{"self":[{"href":"https:\/\/loya.re\/index.php?rest_route=\/wp\/v2\/pages\/25","targetHints":{"allow":["GET"]}}],"collection":[{"href":"https:\/\/loya.re\/index.php?rest_route=\/wp\/v2\/pages"}],"about":[{"href":"https:\/\/loya.re\/index.php?rest_route=\/wp\/v2\/types\/page"}],"author":[{"embeddable":true,"href":"https:\/\/loya.re\/index.php?rest_route=\/wp\/v2\/users\/1"}],"replies":[{"embeddable":true,"href":"https:\/\/loya.re\/index.php?rest_route=%2Fwp%2Fv2%2Fcomments&post=25"}],"version-history":[{"count":5,"href":"https:\/\/loya.re\/index.php?rest_route=\/wp\/v2\/pages\/25\/revisions"}],"predecessor-version":[{"id":44,"href":"https:\/\/loya.re\/index.php?rest_route=\/wp\/v2\/pages\/25\/revisions\/44"}],"wp:attachment":[{"href":"https:\/\/loya.re\/index.php?rest_route=%2Fwp%2Fv2%2Fmedia&parent=25"}],"curies":[{"name":"wp","href":"https:\/\/api.w.org\/{rel}","templated":true}]}}